{"id":9399,"date":"2021-05-04T14:33:51","date_gmt":"2021-05-04T14:33:51","guid":{"rendered":"http:\/\/prishtina-green.com\/hill\/?page_id=9399"},"modified":"2021-05-29T14:52:10","modified_gmt":"2021-05-29T14:52:10","slug":"banesat","status":"publish","type":"page","link":"http:\/\/prishtina-green.com\/hill\/banesat\/","title":{"rendered":"BANESAT"},"content":{"rendered":"\t\t<div data-elementor-type=\"wp-page\" data-elementor-id=\"9399\" class=\"elementor elementor-9399\" data-elementor-settings=\"[]\">\n\t\t\t\t\t\t\t<div class=\"elementor-section-wrap\">\n\t\t\t\t\t\t\t<section class=\"elementor-section elementor-top-section elementor-element elementor-element-5b85236c elementor-section-stretched animated-fast elementor-section-boxed elementor-section-height-default elementor-section-height-default elementor-invisible\" data-id=\"5b85236c\" data-element_type=\"section\" data-settings=\"{&quot;stretch_section&quot;:&quot;section-stretched&quot;,&quot;animation&quot;:&quot;opal-move-up&quot;}\">\n\t\t\t\t\t\t<div class=\"elementor-container elementor-column-gap-default\">\n\t\t\t\t\t<div class=\"elementor-column elementor-col-100 elementor-top-column elementor-element elementor-element-1ddc8e31\" data-id=\"1ddc8e31\" data-element_type=\"column\">\n\t\t\t<div class=\"elementor-widget-wrap elementor-element-populated\">\n\t\t\t\t\t\t\t\t<div class=\"elementor-element elementor-element-183b3d6e title-thebuilding elementor-widget elementor-widget-heading\" data-id=\"183b3d6e\" data-element_type=\"widget\" data-widget_type=\"heading.default\">\n\t\t\t\t<div class=\"elementor-widget-container\">\n\t\t\t<h3 class=\"elementor-heading-title elementor-size-default\">Zgjedh tipin e banes\u00ebs q\u00eb p\u00ebrmbush nevojat tuaja!\n<\/h3>\t\t<\/div>\n\t\t\t\t<\/div>\n\t\t\t\t\t<\/div>\n\t\t<\/div>\n\t\t\t\t\t\t\t<\/div>\n\t\t<\/section>\n\t\t\t\t<section class=\"elementor-section elementor-top-section elementor-element elementor-element-25dc3358 animated-fast elementor-section-boxed elementor-section-height-default elementor-section-height-default elementor-invisible\" data-id=\"25dc3358\" data-element_type=\"section\" data-settings=\"{&quot;background_background&quot;:&quot;classic&quot;,&quot;animation&quot;:&quot;opal-move-up&quot;}\">\n\t\t\t\t\t\t<div class=\"elementor-container elementor-column-gap-default\">\n\t\t\t\t\t<div class=\"elementor-column elementor-col-100 elementor-top-column elementor-element elementor-element-16f5e2c4\" data-id=\"16f5e2c4\" data-element_type=\"column\">\n\t\t\t<div class=\"elementor-widget-wrap elementor-element-populated\">\n\t\t\t\t\t\t\t\t<div class=\"elementor-element elementor-element-382d7991 elementor-widget elementor-widget-bwp_slider\" data-id=\"382d7991\" data-element_type=\"widget\" data-widget_type=\"bwp_slider.default\">\n\t\t\t\t<div class=\"elementor-widget-container\">\n\t\t\t\t<div class=\"bwp-slider slider-2\">\r\n\t\t<div class=\"slick-carousel slick-carousel-center\" data-centerMode=\"true\" data-nav=\"true\" data-dots=\"false\" data-columns4=\"1\" data-columns3=\"1\" data-columns2=\"1\" data-columns1=\"1\" data-columns=\"1\" >\r\n\t\t\t\t\t\t\t\t\t\t\t\t<div class=\"item\">\r\n\t\t\t\t\t\t<div class=\"row\">\r\n\t\t\t\t\t\t\t<div class=\"col-lg-7 col-md-7 col-sm-12 col-xs-12\">\r\n\t\t\t\t\t\t\t\t\t\t\t\t\t\t\t\t\t<div  class=\"image-slider\">\r\n\t\t\t\t\t\t\t\t\t\t<img src=\"http:\/\/prishtina-green.com\/hill\/wp-content\/uploads\/2021\/05\/56.805.jpg\" alt=\"Image Slider\">\r\n\t\t\t\t\t\t\t\t\t<\/div>\r\n\t\t\t\t\t\t\t\t\t\t\t\t\t\t\t<\/div>\r\n\t\t\t\t\t\t\t<div class=\"col-lg-5 col-md-5 col-sm-12 col-xs-12\">\r\n\t\t\t\t\t\t\t\t<div class=\"slider-content\">\r\n\t\t\t\t\t\t\t\t\t\t\t\t\t\t\t\t\t\t\t<h2 class=\"title-slider\">56.80 &#13217;<\/h2>\r\n\t\t\t\t\t\t\t\t\t\t\t\t\t\t\t\t\t\t\t\t\t\t\t\t\t\t\t\t<div class=\"description-slider\">\r\n\t\t\t\t\t\t\t\t\t\t\t<strong>Banes\u00eb ideale p\u00ebr nj\u00eb nj\u00eb qift t\u00eb ri.<\/strong>\n\n<p>\nHap\u00ebsir\u00eb e disejnuar q\u00eb t'ju p\u00ebrgjigjet nevojave tuaja t\u00eb p\u00ebrditshme, me q\u00ebndrimin ditor dhe kuzhin\u00ebn bashk\u00eb, nj\u00eb dhom\u00eb t\u00eb fjetjes, nj\u00eb banjo, nj\u00eb depo dhe ballkon.<\/p>\n\n<ul>\n<li>Sallon\n\n\n<\/li>\n<li>Kuzhin\u00eb<\/li>\n<li>1 Dhom\u00eb e fjetj\u00ebs<\/li>\n<li>Banjo \/ Wc <\/li>\n<li>Depo<\/li>\n<li>Ballkon <\/li>\n<\/ul>\t\t\t\t\t\t\t\t\t\t<\/div>\r\n\t\t\t\t\t\t\t\t\t\t\t\t\t\t\t\t\t<\/div>\r\n\t\t\t\t\t\t\t<\/div>\r\n\t\t\t\t\t\t<\/div>\t\t\t\t\r\n\t\t\t\t\t<\/div>\t\t\t\t\r\n\t\t\t\t\t\t\t\t\t\r\n\t\t\t\t\t\t\t\t\t\t\t\t<div class=\"item\">\r\n\t\t\t\t\t\t<div class=\"row\">\r\n\t\t\t\t\t\t\t<div class=\"col-lg-7 col-md-7 col-sm-12 col-xs-12\">\r\n\t\t\t\t\t\t\t\t\t\t\t\t\t\t\t\t\t<div  class=\"image-slider\">\r\n\t\t\t\t\t\t\t\t\t\t<img src=\"http:\/\/prishtina-green.com\/hill\/wp-content\/uploads\/2021\/05\/81.921.jpg\" alt=\"Image Slider\">\r\n\t\t\t\t\t\t\t\t\t<\/div>\r\n\t\t\t\t\t\t\t\t\t\t\t\t\t\t\t<\/div>\r\n\t\t\t\t\t\t\t<div class=\"col-lg-5 col-md-5 col-sm-12 col-xs-12\">\r\n\t\t\t\t\t\t\t\t<div class=\"slider-content\">\r\n\t\t\t\t\t\t\t\t\t\t\t\t\t\t\t\t\t\t\t<h2 class=\"title-slider\">81.92 &#13217;<\/h2>\r\n\t\t\t\t\t\t\t\t\t\t\t\t\t\t\t\t\t\t\t\t\t\t\t\t\t\t\t\t<div class=\"description-slider\">\r\n\t\t\t\t\t\t\t\t\t\t\t<strong>Banes\u00eb ideale p\u00ebr nj\u00eb nj\u00eb familje deri n\u00eb 4 an\u00ebtar\u00eb.\n<\/strong>\n\n<p>\nHap\u00ebsir\u00eb e disejnuar q\u00eb t'ju p\u00ebrgjigjet nevojave tuaja dhe t\u00eb f\u00ebmij\u00ebve, me q\u00ebndrimin ditor dhe kuzhin\u00ebn bashk\u00eb, dy dhoma t\u00eb fjetjes dhe nj\u00eb banjo, nj\u00eb depo dhe nj\u00eb ballkon.<\/p>\n\n<ul>\n<li>Sallon\n\n\n<\/li>\n<li>Kuzhin\u00eb<\/li>\n<li>2 Dhoma t\u00eb fjetj\u00ebs<\/li>\n<li>Banjo \/ Wc <\/li>\n<li>Depo<\/li>\n<li>Ballkon <\/li>\n<\/ul>\t\t\t\t\t\t\t\t\t\t<\/div>\r\n\t\t\t\t\t\t\t\t\t\t\t\t\t\t\t\t\t<\/div>\r\n\t\t\t\t\t\t\t<\/div>\r\n\t\t\t\t\t\t<\/div>\t\t\t\t\r\n\t\t\t\t\t<\/div>\t\t\t\t\r\n\t\t\t\t\t\t\t\t\t\r\n\t\t\t\t\t\t\t\t\t\t\t\t<div class=\"item\">\r\n\t\t\t\t\t\t<div class=\"row\">\r\n\t\t\t\t\t\t\t<div class=\"col-lg-7 col-md-7 col-sm-12 col-xs-12\">\r\n\t\t\t\t\t\t\t\t\t\t\t\t\t\t\t\t\t<div  class=\"image-slider\">\r\n\t\t\t\t\t\t\t\t\t\t<img src=\"http:\/\/prishtina-green.com\/hill\/wp-content\/uploads\/2021\/05\/81.921-1.jpg\" alt=\"Image Slider\">\r\n\t\t\t\t\t\t\t\t\t<\/div>\r\n\t\t\t\t\t\t\t\t\t\t\t\t\t\t\t<\/div>\r\n\t\t\t\t\t\t\t<div class=\"col-lg-5 col-md-5 col-sm-12 col-xs-12\">\r\n\t\t\t\t\t\t\t\t<div class=\"slider-content\">\r\n\t\t\t\t\t\t\t\t\t\t\t\t\t\t\t\t\t\t\t<h2 class=\"title-slider\">81.92 &#13217;<\/h2>\r\n\t\t\t\t\t\t\t\t\t\t\t\t\t\t\t\t\t\t\t\t\t\t\t\t\t\t\t\t<div class=\"description-slider\">\r\n\t\t\t\t\t\t\t\t\t\t\t<strong>Banes\u00eb ideale p\u00ebr nj\u00eb nj\u00eb familje deri n\u00eb 4 an\u00ebtar\u00eb.\n<\/strong>\n\n<p>\nHap\u00ebsir\u00eb e disejnuar q\u00eb t'ju p\u00ebrgjigjet nevojave tuaja dhe t\u00eb f\u00ebmij\u00ebve, me q\u00ebndrimin ditor dhe kuzhin\u00ebn bashk\u00eb, dy dhoma t\u00eb fjetjes dhe nj\u00eb banjo, nj\u00eb depo dhe nj\u00eb ballkon.<\/p>\n\n<ul>\n<li>Sallon\n\n\n<\/li>\n<li>Kuzhin\u00eb<\/li>\n<li>2 Dhoma t\u00eb fjetj\u00ebs<\/li>\n<li>Banjo \/ Wc <\/li>\n<li>Depo<\/li>\n<li>Ballkon <\/li>\n<\/ul>\t\t\t\t\t\t\t\t\t\t<\/div>\r\n\t\t\t\t\t\t\t\t\t\t\t\t\t\t\t\t\t<\/div>\r\n\t\t\t\t\t\t\t<\/div>\r\n\t\t\t\t\t\t<\/div>\t\t\t\t\r\n\t\t\t\t\t<\/div>\t\t\t\t\r\n\t\t\t\t\t\t\t\t\t\r\n\t\t\t\t\t\t\t\t\t\t\t\t<div class=\"item\">\r\n\t\t\t\t\t\t<div class=\"row\">\r\n\t\t\t\t\t\t\t<div class=\"col-lg-7 col-md-7 col-sm-12 col-xs-12\">\r\n\t\t\t\t\t\t\t\t\t\t\t\t\t\t\t\t\t<div  class=\"image-slider\">\r\n\t\t\t\t\t\t\t\t\t\t<img src=\"http:\/\/prishtina-green.com\/hill\/wp-content\/uploads\/2021\/05\/83.918.jpg\" alt=\"Image Slider\">\r\n\t\t\t\t\t\t\t\t\t<\/div>\r\n\t\t\t\t\t\t\t\t\t\t\t\t\t\t\t<\/div>\r\n\t\t\t\t\t\t\t<div class=\"col-lg-5 col-md-5 col-sm-12 col-xs-12\">\r\n\t\t\t\t\t\t\t\t<div class=\"slider-content\">\r\n\t\t\t\t\t\t\t\t\t\t\t\t\t\t\t\t\t\t\t<h2 class=\"title-slider\">83.92 &#13217;<\/h2>\r\n\t\t\t\t\t\t\t\t\t\t\t\t\t\t\t\t\t\t\t\t\t\t\t\t\t\t\t\t<div class=\"description-slider\">\r\n\t\t\t\t\t\t\t\t\t\t\t<strong>Banes\u00eb ideale p\u00ebr nj\u00eb nj\u00eb familje deri n\u00eb 4 an\u00ebtar\u00eb.\n\n<\/strong>\n\n<p>\nHap\u00ebsir\u00eb e disejnuar q\u00eb t'ju p\u00ebrgjigjet nevojave tuaja dhe t\u00eb f\u00ebmij\u00ebve, me q\u00ebndrimin ditor dhe kuzhin\u00ebn bashk\u00eb, dy dhoma t\u00eb fjetjes, nj\u00eb banjo, nj\u00eb wc, nj\u00eb depo dhe nj\u00eb ballkon.<\/p>\n\n<ul>\n<li>Sallon\n\n\n<\/li>\n<li>Kuzhin\u00eb<\/li>\n<li>\n2 Dhoma t\u00eb fjetj\u00ebs\n<\/li>\n<li>Banjo <\/li>\n<li>WC<\/li>\n<li>Depo<\/li>\n<li>Ballkon <\/li>\n<\/ul>\t\t\t\t\t\t\t\t\t\t<\/div>\r\n\t\t\t\t\t\t\t\t\t\t\t\t\t\t\t\t\t<\/div>\r\n\t\t\t\t\t\t\t<\/div>\r\n\t\t\t\t\t\t<\/div>\t\t\t\t\r\n\t\t\t\t\t<\/div>\t\t\t\t\r\n\t\t\t\t\t\t\t\t\t\r\n\t\t\t\t\t\t\t\t\t\t\t\t<div class=\"item\">\r\n\t\t\t\t\t\t<div class=\"row\">\r\n\t\t\t\t\t\t\t<div class=\"col-lg-7 col-md-7 col-sm-12 col-xs-12\">\r\n\t\t\t\t\t\t\t\t\t\t\t\t\t\t\t\t\t<div  class=\"image-slider\">\r\n\t\t\t\t\t\t\t\t\t\t<img src=\"http:\/\/prishtina-green.com\/hill\/wp-content\/uploads\/2021\/05\/107.66.jpg\" alt=\"Image Slider\">\r\n\t\t\t\t\t\t\t\t\t<\/div>\r\n\t\t\t\t\t\t\t\t\t\t\t\t\t\t\t<\/div>\r\n\t\t\t\t\t\t\t<div class=\"col-lg-5 col-md-5 col-sm-12 col-xs-12\">\r\n\t\t\t\t\t\t\t\t<div class=\"slider-content\">\r\n\t\t\t\t\t\t\t\t\t\t\t\t\t\t\t\t\t\t\t<h2 class=\"title-slider\">107.66 &#13217;<\/h2>\r\n\t\t\t\t\t\t\t\t\t\t\t\t\t\t\t\t\t\t\t\t\t\t\t\t\t\t\t\t<div class=\"description-slider\">\r\n\t\t\t\t\t\t\t\t\t\t\t<strong>Banes\u00eb ideale p\u00ebr nj\u00eb nj\u00eb familje deri n\u00eb 6 an\u00ebtar\u00eb.\n\n<\/strong>\n\n<p>Hap\u00ebsir\u00eb e disejnuar q\u00eb t'ju p\u00ebrgjigjet nevojave tuaja dhe t\u00eb f\u00ebmij\u00ebve, me q\u00ebndrimin ditor dhe kuzhin\u00ebn bashk\u00eb, 2 depo, tri dhoma t\u00eb fjetjes, nj\u00eb banjo, nj\u00eb wc dhe dy ballkona.<\/p>\n\n<ul>\n<li>Sallon\n\n\n<\/li>\n<li>Kuzhin\u00eb<\/li>\n<li>\n3 Dhoma t\u00eb fjetj\u00ebs\n<\/li>\n<li>2 Depo<\/li>\n<li>Banjo <\/li>\n<li>WC<\/li>\n<li>2 Ballkona <\/li>\n<\/ul>\t\t\t\t\t\t\t\t\t\t<\/div>\r\n\t\t\t\t\t\t\t\t\t\t\t\t\t\t\t\t\t<\/div>\r\n\t\t\t\t\t\t\t<\/div>\r\n\t\t\t\t\t\t<\/div>\t\t\t\t\r\n\t\t\t\t\t<\/div>\t\t\t\t\r\n\t\t\t\t\t\t\t\t\t\r\n\t\t\t\t\t\t\t\t\t\t\t\t<div class=\"item\">\r\n\t\t\t\t\t\t<div class=\"row\">\r\n\t\t\t\t\t\t\t<div class=\"col-lg-7 col-md-7 col-sm-12 col-xs-12\">\r\n\t\t\t\t\t\t\t\t\t\t\t\t\t\t\t\t\t<div  class=\"image-slider\">\r\n\t\t\t\t\t\t\t\t\t\t<img src=\"http:\/\/prishtina-green.com\/hill\/wp-content\/uploads\/2021\/05\/210.92.jpg\" alt=\"Image Slider\">\r\n\t\t\t\t\t\t\t\t\t<\/div>\r\n\t\t\t\t\t\t\t\t\t\t\t\t\t\t\t<\/div>\r\n\t\t\t\t\t\t\t<div class=\"col-lg-5 col-md-5 col-sm-12 col-xs-12\">\r\n\t\t\t\t\t\t\t\t<div class=\"slider-content\">\r\n\t\t\t\t\t\t\t\t\t\t\t\t\t\t\t\t\t\t\t<h2 class=\"title-slider\">210.92 &#13217;<\/h2>\r\n\t\t\t\t\t\t\t\t\t\t\t\t\t\t\t\t\t\t\t\t\t\t\t\t\t\t\t\t<div class=\"description-slider\">\r\n\t\t\t\t\t\t\t\t\t\t\t<strong>Banes\u00eb ideale p\u00ebr nj\u00eb nj\u00eb familje deri n\u00eb 7 an\u00ebtar\u00eb.\n\n<\/strong>\n\n<p>Hap\u00ebsir\u00eb e disejnuar q\u00eb t'ju p\u00ebrgjigjet nevojave tuaja dhe t\u00eb f\u00ebmij\u00ebve, me q\u00ebndrimin ditor dhe kuzhin\u00ebn, depo, tri dhoma t\u00eb fjetjes, dy banjo dhe nj\u00eb terase t\u00eb madhe.<\/p>\n\n<ul>\n<li>Sallon\n\n\n<\/li>\n<li>Kuzhin\u00eb<\/li>\n<li>\n3 Dhoma t\u00eb fjetj\u00ebs\n<\/li>\n<li>Depo<\/li>\n<li>2 Banjo <\/li>\n<li>1 Terase e madhe <\/li>\n<\/ul>\t\t\t\t\t\t\t\t\t\t<\/div>\r\n\t\t\t\t\t\t\t\t\t\t\t\t\t\t\t\t\t<\/div>\r\n\t\t\t\t\t\t\t<\/div>\r\n\t\t\t\t\t\t<\/div>\t\t\t\t\r\n\t\t\t\t\t<\/div>\t\t\t\t\r\n\t\t\t\t\t\t\t\t\t\r\n\t\t\t\t\t\t\t\t\t\t\t\t<div class=\"item\">\r\n\t\t\t\t\t\t<div class=\"row\">\r\n\t\t\t\t\t\t\t<div class=\"col-lg-7 col-md-7 col-sm-12 col-xs-12\">\r\n\t\t\t\t\t\t\t\t\t\t\t\t\t\t\t\t\t<div  class=\"image-slider\">\r\n\t\t\t\t\t\t\t\t\t\t<img src=\"http:\/\/prishtina-green.com\/hill\/wp-content\/uploads\/2021\/05\/369.99.jpg\" alt=\"Image Slider\">\r\n\t\t\t\t\t\t\t\t\t<\/div>\r\n\t\t\t\t\t\t\t\t\t\t\t\t\t\t\t<\/div>\r\n\t\t\t\t\t\t\t<div class=\"col-lg-5 col-md-5 col-sm-12 col-xs-12\">\r\n\t\t\t\t\t\t\t\t<div class=\"slider-content\">\r\n\t\t\t\t\t\t\t\t\t\t\t\t\t\t\t\t\t\t\t<h2 class=\"title-slider\">369.99 &#13217;<\/h2>\r\n\t\t\t\t\t\t\t\t\t\t\t\t\t\t\t\t\t\t\t\t\t\t\t\t\t\t\t\t<div class=\"description-slider\">\r\n\t\t\t\t\t\t\t\t\t\t\t<strong>Banes\u00eb ideale p\u00ebr nj\u00eb nj\u00eb familje deri n\u00eb 7 an\u00ebtar\u00eb.\n\n<\/strong>\n\n<p>Hap\u00ebsir\u00eb e disejnuar q\u00eb t'ju p\u00ebrgjigjet nevojave tuaja dhe t\u00eb f\u00ebmij\u00ebve, me q\u00ebndrimin ditor dhe kuzhin\u00ebn, depo, kat\u00ebr dhoma t\u00eb fjetjes, dy banjo, nj\u00eb wc, nj\u00eb ballkon dhe nj\u00eb terrase e madhe.<\/p>\n\n<ul>\n<li>Sallon\n\n\n<\/li>\n<li>Kuzhin\u00eb<\/li>\n<li>\n3 Dhoma t\u00eb fjetj\u00ebs\n<\/li>\n<li>\n1 Dhoma e fjetj\u00ebs Master\n<\/li>\n<li>5 Depo<\/li>\n<li>2 Banjo <\/li>\n<li>WC<\/li>\n<li>1 Terrase e madhe<\/li>\n<li>1 Ballkon<\/li>\n<\/ul>\t\t\t\t\t\t\t\t\t\t<\/div>\r\n\t\t\t\t\t\t\t\t\t\t\t\t\t\t\t\t\t<\/div>\r\n\t\t\t\t\t\t\t<\/div>\r\n\t\t\t\t\t\t<\/div>\t\t\t\t\r\n\t\t\t\t\t<\/div>\t\t\t\t\r\n\t\t\t\t\t\t\t\t\t\r\n\t\t\t\t\t<\/div>\r\n\t<\/div>\r\n\t\t<\/div>\n\t\t\t\t<\/div>\n\t\t\t\t\t<\/div>\n\t\t<\/div>\n\t\t\t\t\t\t\t<\/div>\n\t\t<\/section>\n\t\t\t\t\t\t<\/div>\n\t\t\t\t\t<\/div>\n\t\t","protected":false},"excerpt":{"rendered":"<p>Zgjedh tipin e banes\u00ebs q\u00eb p\u00ebrmbush nevojat tuaja! 56.80 &#13217; Banes\u00eb ideale p\u00ebr nj\u00eb nj\u00eb qift t\u00eb ri. Hap\u00ebsir\u00eb e disejnuar q\u00eb t&#8217;ju p\u00ebrgjigjet nevojave tuaja t\u00eb p\u00ebrditshme, me q\u00ebndrimin ditor dhe kuzhin\u00ebn bashk\u00eb, nj\u00eb dhom\u00eb t\u00eb fjetjes, nj\u00eb banjo, nj\u00eb depo dhe ballkon. Sallon Kuzhin\u00eb 1 Dhom\u00eb e fjetj\u00ebs Banjo \/ Wc Depo Ballkon [&hellip;]<\/p>\n","protected":false},"author":1,"featured_media":0,"parent":0,"menu_order":0,"comment_status":"closed","ping_status":"closed","template":"","meta":[],"_links":{"self":[{"href":"http:\/\/prishtina-green.com\/hill\/wp-json\/wp\/v2\/pages\/9399"}],"collection":[{"href":"http:\/\/prishtina-green.com\/hill\/wp-json\/wp\/v2\/pages"}],"about":[{"href":"http:\/\/prishtina-green.com\/hill\/wp-json\/wp\/v2\/types\/page"}],"author":[{"embeddable":true,"href":"http:\/\/prishtina-green.com\/hill\/wp-json\/wp\/v2\/users\/1"}],"replies":[{"embeddable":true,"href":"http:\/\/prishtina-green.com\/hill\/wp-json\/wp\/v2\/comments?post=9399"}],"version-history":[{"count":13,"href":"http:\/\/prishtina-green.com\/hill\/wp-json\/wp\/v2\/pages\/9399\/revisions"}],"predecessor-version":[{"id":9461,"href":"http:\/\/prishtina-green.com\/hill\/wp-json\/wp\/v2\/pages\/9399\/revisions\/9461"}],"wp:attachment":[{"href":"http:\/\/prishtina-green.com\/hill\/wp-json\/wp\/v2\/media?parent=9399"}],"curies":[{"name":"wp","href":"https:\/\/api.w.org\/{rel}","templated":true}]}}