{"id":583,"date":"2016-07-25T13:52:10","date_gmt":"2016-07-25T13:52:10","guid":{"rendered":"http:\/\/localhost\/bingo\/simolux\/?page_id=583"},"modified":"2021-05-02T15:25:07","modified_gmt":"2021-05-02T15:25:07","slug":"rreth-nesh","status":"publish","type":"page","link":"http:\/\/prishtina-green.com\/residence\/rreth-nesh\/","title":{"rendered":"Rreth Nesh"},"content":{"rendered":"\t\t<div data-elementor-type=\"wp-post\" data-elementor-id=\"583\" class=\"elementor elementor-583\">\n\t\t\t\t\t\t\t\t\t<section class=\"elementor-section elementor-top-section elementor-element elementor-element-cd3854b elementor-section-stretched elementor-section-boxed elementor-section-height-default elementor-section-height-default\" data-id=\"cd3854b\" data-element_type=\"section\" data-settings=\"{&quot;stretch_section&quot;:&quot;section-stretched&quot;}\">\n\t\t\t\t\t\t<div class=\"elementor-container elementor-column-gap-default\">\n\t\t\t\t\t<div class=\"elementor-column elementor-col-100 elementor-top-column elementor-element elementor-element-7164a46\" data-id=\"7164a46\" data-element_type=\"column\">\n\t\t\t<div class=\"elementor-widget-wrap elementor-element-populated\">\n\t\t\t\t\t\t\t\t<section class=\"elementor-section elementor-inner-section elementor-element elementor-element-fbfcae8 animated-fast elementor-section-full_width elementor-section-height-default elementor-section-height-default elementor-invisible\" data-id=\"fbfcae8\" data-element_type=\"section\" data-settings=\"{&quot;animation&quot;:&quot;opal-move-up&quot;}\">\n\t\t\t\t\t\t<div class=\"elementor-container elementor-column-gap-wide\">\n\t\t\t\t\t<div class=\"elementor-column elementor-col-50 elementor-inner-column elementor-element elementor-element-fddcf79\" data-id=\"fddcf79\" data-element_type=\"column\">\n\t\t\t<div class=\"elementor-widget-wrap elementor-element-populated\">\n\t\t\t\t\t\t\t\t<div class=\"elementor-element elementor-element-b57aa96 elementor-widget elementor-widget-text-editor\" data-id=\"b57aa96\" data-element_type=\"widget\" data-widget_type=\"text-editor.default\">\n\t\t\t\t<div class=\"elementor-widget-container\">\n\t\t\t\t\t\t\t<h2 class=\"titleAbout\">Mir\u00eb se vini n\u00eb Prishtina Green Residence!<\/h2><div class=\"descAbout\"><p>N\u00eb qend\u00ebr t\u00eb Rrug\u00ebs A, me 150 metra gjat\u00ebsi buz\u00eb rrug\u00ebs, Prishtina Green Residence ofron banesa dhe lokale t\u00eb klasit A n\u00eb rrug\u00ebn m\u00eb t\u00eb r\u00ebnd\u00ebsishme t\u00eb Prishtin\u00ebs.<\/p><p>Projekti \u00ebsht\u00eb i p\u00ebrb\u00ebr\u00eb prej 5 blloqeve (blloku A, B, C, D dhe E), me gjithsej 13 kate, prej tyre 2 kate afariz\u00ebm dhe 11 kate banim.<\/p><p>\u00c7ka vlen t\u00eb theksohet \u00ebsht\u00eb kualiteti i lart\u00eb i nd\u00ebrtimit, duke filluar nga fasada, parketi, dritaret, dyert, qeramika dhe t\u00eb gjitha materialet tjera t\u00eb p\u00ebrdorura brenda, nga brende t\u00eb njohura si Barlinek, Schuco, Albaporte dhe Zeus Ceramica.<\/p><p>Lokacioni i Prishtina Green Residence n\u00eb qend\u00ebr t\u00eb Rrug\u00ebs A, b\u00ebn q\u00eb investimi sa m\u00eb i hersh\u00ebm n\u00eb blerje t\u00eb banes\u00ebs apo lokalit t\u00eb jet\u00eb l\u00ebvizje e duhur sepse p\u00ebr nj\u00eb afat shum\u00eb t\u00eb shkurt\u00ebr vlera e pron\u00ebs do t\u00eb ngritet, gj\u00eb e d\u00ebshmuar n\u00eb k\u00ebt\u00eb pjes\u00eb t\u00eb kryeqytetit.<\/p><p>N\u00eb k\u00ebt\u00eb projekt ofrohen gjithsej 25 tipe t\u00eb banesave, duke filluar nga 54m2 deri n\u00eb 132m2, p\u00ebr t\u2019ju p\u00ebrshtatur t\u00eb gjitha k\u00ebrkesave t\u00eb mundshme p\u00ebr secil\u00ebn nevoj\u00eb banimi.<\/p><p>P\u00ebr ata q\u00eb d\u00ebshirojn\u00eb t\u00eb ve\u00e7ant\u00ebn, kati IV do t\u00eb jet\u00eb m\u00eb ndryshe, duke ofruar banesa deri n\u00eb 180m2, me hap\u00ebsira m\u00eb t\u00eb m\u00ebdha, terasa t\u00eb m\u00ebdha, ku i t\u00ebr\u00eb kati \u00ebsht\u00eb me fasad\u00eb xhami.<\/p><p>Sa i p\u00ebrket afarizmit, bizneseve t\u00eb shitblerjes apo atyre t\u00eb sh\u00ebrbimeve, pozicionimi i objektit 150m buz\u00eb rrug\u00ebs, n\u00eb qend\u00ebr t\u00eb Rrug\u00ebs A, i shton vler\u00eb dhe ju siguron se investimi n\u00eb lokal apo zyr\u00eb \u00ebsht\u00eb 100% i duhur.<\/p><p>Projekti i Prishtina Green Residence do t\u00eb ofroj\u00eb t\u00eb gjitha sh\u00ebrbimet dhe hap\u00ebsirat mb\u00ebshtet\u00ebse p\u00ebr banim dhe biznese; hap\u00ebsira t\u00eb mjaftueshme gjelb\u00ebruese, k\u00ebnde t\u00eb loj\u00ebrave p\u00ebr f\u00ebmij\u00eb, parking t\u00eb mjaftuesh\u00ebm, siguri me v\u00ebzhgim 24\/h me kamera.<\/p><p>Ne (Nic &amp; Albioni) me p\u00ebrvoj\u00ebn ton\u00eb shum\u00ebvje\u00e7are n\u00eb fush\u00ebn e nd\u00ebrtimit ju garantojm\u00eb p\u00ebr cil\u00ebsin\u00eb e nd\u00ebrtimit dhe vler\u00ebn e jasht\u00ebzakonshme q\u00eb prona juaj e ardhshme n\u00eb Prishtina Green Residence do t\u00eb ket\u00eb nd\u00ebr vite.<\/p><\/div><div class=\"bottomAbout\"><div class=\"authorAbout\">\u00a0<\/div><\/div>\t\t\t\t\t\t<\/div>\n\t\t\t\t<\/div>\n\t\t\t\t\t<\/div>\n\t\t<\/div>\n\t\t\t\t<div class=\"elementor-column elementor-col-50 elementor-inner-column elementor-element elementor-element-fa6d9ff\" data-id=\"fa6d9ff\" data-element_type=\"column\">\n\t\t\t<div class=\"elementor-widget-wrap elementor-element-populated\">\n\t\t\t\t\t\t\t\t<div class=\"elementor-element elementor-element-034f75b elementor-widget elementor-widget-bwp_image\" data-id=\"034f75b\" data-element_type=\"widget\" data-widget_type=\"bwp_image.default\">\n\t\t\t\t<div class=\"elementor-widget-container\">\n\t\t\t<div class=\"bwp-widget-banner default\">\r\n\t\t\r\n\t<div class=\"bg-banner\">\t\t\r\n\t\t<div class=\"banner-wrapper banners\">\r\n\t\t\t<div class=\"bwp-image\">\r\n\t\t\t\t\t\t\t\t<a href=\"#\">\r\n\t\t\t\t\t\t<img decoding=\"async\" src=\"http:\/\/prishtina-green.com\/residence\/wp-content\/uploads\/2021\/05\/AboutUs.jpg\" alt=\"\"><\/a>\r\n\t\t\t\t\t\t\t<\/div>\r\n\t\t\t<div class=\"banner-wrapper-infor\">\r\n\t\t\t\t\t\t\t\t\t\t\t<\/div>\r\n\t\t<\/div>\r\n\t<\/div>\r\n\t<\/div>\r\n\t\t<\/div>\n\t\t\t\t<\/div>\n\t\t\t\t\t<\/div>\n\t\t<\/div>\n\t\t\t\t\t\t\t<\/div>\n\t\t<\/section>\n\t\t\t\t\t<\/div>\n\t\t<\/div>\n\t\t\t\t\t\t\t<\/div>\n\t\t<\/section>\n\t\t\t\t<section class=\"elementor-section elementor-top-section elementor-element elementor-element-09e3213 elementor-section-boxed elementor-section-height-default elementor-section-height-default\" data-id=\"09e3213\" data-element_type=\"section\">\n\t\t\t\t\t\t<div class=\"elementor-container elementor-column-gap-default\">\n\t\t\t\t\t<div class=\"elementor-column elementor-col-100 elementor-top-column elementor-element elementor-element-a14d8c3\" data-id=\"a14d8c3\" data-element_type=\"column\">\n\t\t\t<div class=\"elementor-widget-wrap elementor-element-populated\">\n\t\t\t\t\t\t\t\t<section class=\"elementor-section elementor-inner-section elementor-element elementor-element-6d12e4c layout_cta animated-fast elementor-section-boxed elementor-section-height-default elementor-section-height-default elementor-invisible\" data-id=\"6d12e4c\" data-element_type=\"section\" data-settings=\"{&quot;animation&quot;:&quot;opal-move-up&quot;}\">\n\t\t\t\t\t\t<div class=\"elementor-container elementor-column-gap-default\">\n\t\t\t\t\t<div class=\"elementor-column elementor-col-25 elementor-inner-column elementor-element elementor-element-2a0c122\" data-id=\"2a0c122\" data-element_type=\"column\">\n\t\t\t<div class=\"elementor-widget-wrap elementor-element-populated\">\n\t\t\t\t\t\t\t\t<div class=\"elementor-element elementor-element-f99d898 bwp-cta elementor-widget elementor-widget-counter\" data-id=\"f99d898\" data-element_type=\"widget\" data-widget_type=\"counter.default\">\n\t\t\t\t<div class=\"elementor-widget-container\">\n\t\t\t\t\t<div class=\"elementor-counter\">\n\t\t\t<div class=\"elementor-counter-number-wrapper\">\n\t\t\t\t<span class=\"elementor-counter-number-prefix\"><\/span>\n\t\t\t\t<span class=\"elementor-counter-number\" data-duration=\"2000\" data-to-value=\"5\" data-from-value=\"1\" data-delimiter=\",\">1<\/span>\n\t\t\t\t<span class=\"elementor-counter-number-suffix\"><\/span>\n\t\t\t<\/div>\n\t\t\t\t\t\t\t<div class=\"elementor-counter-title\">Blloqe<\/div>\n\t\t\t\t\t<\/div>\n\t\t\t\t<\/div>\n\t\t\t\t<\/div>\n\t\t\t\t\t<\/div>\n\t\t<\/div>\n\t\t\t\t<div class=\"elementor-column elementor-col-25 elementor-inner-column elementor-element elementor-element-a3f833c\" data-id=\"a3f833c\" data-element_type=\"column\">\n\t\t\t<div class=\"elementor-widget-wrap elementor-element-populated\">\n\t\t\t\t\t\t\t\t<div class=\"elementor-element elementor-element-c0aa142 bwp-cta elementor-widget elementor-widget-counter\" data-id=\"c0aa142\" data-element_type=\"widget\" data-widget_type=\"counter.default\">\n\t\t\t\t<div class=\"elementor-widget-container\">\n\t\t\t\t\t<div class=\"elementor-counter\">\n\t\t\t<div class=\"elementor-counter-number-wrapper\">\n\t\t\t\t<span class=\"elementor-counter-number-prefix\"><\/span>\n\t\t\t\t<span class=\"elementor-counter-number\" data-duration=\"600\" data-to-value=\"13\" data-from-value=\"0\" data-delimiter=\",\">0<\/span>\n\t\t\t\t<span class=\"elementor-counter-number-suffix\"><\/span>\n\t\t\t<\/div>\n\t\t\t\t\t\t\t<div class=\"elementor-counter-title\">Kate<\/div>\n\t\t\t\t\t<\/div>\n\t\t\t\t<\/div>\n\t\t\t\t<\/div>\n\t\t\t\t\t<\/div>\n\t\t<\/div>\n\t\t\t\t<div class=\"elementor-column elementor-col-25 elementor-inner-column elementor-element elementor-element-84fa0d2\" data-id=\"84fa0d2\" data-element_type=\"column\">\n\t\t\t<div class=\"elementor-widget-wrap elementor-element-populated\">\n\t\t\t\t\t\t\t\t<div class=\"elementor-element elementor-element-416e969 bwp-cta elementor-widget elementor-widget-counter\" data-id=\"416e969\" data-element_type=\"widget\" data-widget_type=\"counter.default\">\n\t\t\t\t<div class=\"elementor-widget-container\">\n\t\t\t\t\t<div class=\"elementor-counter\">\n\t\t\t<div class=\"elementor-counter-number-wrapper\">\n\t\t\t\t<span class=\"elementor-counter-number-prefix\"><\/span>\n\t\t\t\t<span class=\"elementor-counter-number\" data-duration=\"1000\" data-to-value=\"25\" data-from-value=\"0\" data-delimiter=\",\">0<\/span>\n\t\t\t\t<span class=\"elementor-counter-number-suffix\"><\/span>\n\t\t\t<\/div>\n\t\t\t\t\t\t\t<div class=\"elementor-counter-title\">tipe banesash<\/div>\n\t\t\t\t\t<\/div>\n\t\t\t\t<\/div>\n\t\t\t\t<\/div>\n\t\t\t\t\t<\/div>\n\t\t<\/div>\n\t\t\t\t<div class=\"elementor-column elementor-col-25 elementor-inner-column elementor-element elementor-element-2bb2e9c\" data-id=\"2bb2e9c\" data-element_type=\"column\">\n\t\t\t<div class=\"elementor-widget-wrap elementor-element-populated\">\n\t\t\t\t\t\t\t\t<div class=\"elementor-element elementor-element-4418ed7 bwp-cta elementor-widget elementor-widget-counter\" data-id=\"4418ed7\" data-element_type=\"widget\" data-widget_type=\"counter.default\">\n\t\t\t\t<div class=\"elementor-widget-container\">\n\t\t\t\t\t<div class=\"elementor-counter\">\n\t\t\t<div class=\"elementor-counter-number-wrapper\">\n\t\t\t\t<span class=\"elementor-counter-number-prefix\"><\/span>\n\t\t\t\t<span class=\"elementor-counter-number\" data-duration=\"2000\" data-to-value=\"2\" data-from-value=\"0\" data-delimiter=\",\">0<\/span>\n\t\t\t\t<span class=\"elementor-counter-number-suffix\"><\/span>\n\t\t\t<\/div>\n\t\t\t\t\t\t\t<div class=\"elementor-counter-title\"> kate lokale<\/div>\n\t\t\t\t\t<\/div>\n\t\t\t\t<\/div>\n\t\t\t\t<\/div>\n\t\t\t\t\t<\/div>\n\t\t<\/div>\n\t\t\t\t\t\t\t<\/div>\n\t\t<\/section>\n\t\t\t\t\t<\/div>\n\t\t<\/div>\n\t\t\t\t\t\t\t<\/div>\n\t\t<\/section>\n\t\t\t\t\t\t\t<\/div>\n\t\t","protected":false},"excerpt":{"rendered":"<p>Mir\u00eb se vini n\u00eb Prishtina Green Residence! N\u00eb qend\u00ebr t\u00eb Rrug\u00ebs A, me 150 metra gjat\u00ebsi buz\u00eb rrug\u00ebs, Prishtina Green Residence ofron banesa dhe lokale t\u00eb klasit A n\u00eb rrug\u00ebn m\u00eb t\u00eb r\u00ebnd\u00ebsishme t\u00eb Prishtin\u00ebs. Projekti \u00ebsht\u00eb i p\u00ebrb\u00ebr\u00eb prej 5 blloqeve (blloku A, B, C, D dhe E), me gjithsej 13 kate, prej tyre [&hellip;]<\/p>\n","protected":false},"author":1,"featured_media":0,"parent":0,"menu_order":0,"comment_status":"closed","ping_status":"closed","template":"","meta":[],"_links":{"self":[{"href":"http:\/\/prishtina-green.com\/residence\/wp-json\/wp\/v2\/pages\/583"}],"collection":[{"href":"http:\/\/prishtina-green.com\/residence\/wp-json\/wp\/v2\/pages"}],"about":[{"href":"http:\/\/prishtina-green.com\/residence\/wp-json\/wp\/v2\/types\/page"}],"author":[{"embeddable":true,"href":"http:\/\/prishtina-green.com\/residence\/wp-json\/wp\/v2\/users\/1"}],"replies":[{"embeddable":true,"href":"http:\/\/prishtina-green.com\/residence\/wp-json\/wp\/v2\/comments?post=583"}],"version-history":[{"count":22,"href":"http:\/\/prishtina-green.com\/residence\/wp-json\/wp\/v2\/pages\/583\/revisions"}],"predecessor-version":[{"id":9558,"href":"http:\/\/prishtina-green.com\/residence\/wp-json\/wp\/v2\/pages\/583\/revisions\/9558"}],"wp:attachment":[{"href":"http:\/\/prishtina-green.com\/residence\/wp-json\/wp\/v2\/media?parent=583"}],"curies":[{"name":"wp","href":"https:\/\/api.w.org\/{rel}","templated":true}]}}