{"id":7927,"date":"2019-06-28T02:07:40","date_gmt":"2019-06-28T02:07:40","guid":{"rendered":"https:\/\/wpbingosite.com\/wordpress\/mihouse\/?page_id=7927"},"modified":"2021-05-02T17:24:13","modified_gmt":"2021-05-02T17:24:13","slug":"lokalet","status":"publish","type":"page","link":"http:\/\/prishtina-green.com\/residence\/lokalet\/","title":{"rendered":"LOKALET"},"content":{"rendered":"\t\t<div data-elementor-type=\"wp-post\" data-elementor-id=\"7927\" class=\"elementor elementor-7927\">\n\t\t\t\t\t\t\t\t\t<section class=\"elementor-section elementor-top-section elementor-element elementor-element-052a71a elementor-section-stretched animated-fast elementor-section-boxed elementor-section-height-default elementor-section-height-default elementor-invisible\" data-id=\"052a71a\" data-element_type=\"section\" data-settings=\"{&quot;stretch_section&quot;:&quot;section-stretched&quot;,&quot;animation&quot;:&quot;opal-move-up&quot;}\">\n\t\t\t\t\t\t<div class=\"elementor-container elementor-column-gap-default\">\n\t\t\t\t\t<div class=\"elementor-column elementor-col-100 elementor-top-column elementor-element elementor-element-6e91532\" data-id=\"6e91532\" data-element_type=\"column\">\n\t\t\t<div class=\"elementor-widget-wrap elementor-element-populated\">\n\t\t\t\t\t\t\t\t<div class=\"elementor-element elementor-element-f87b12c title-thebuilding elementor-widget elementor-widget-heading\" data-id=\"f87b12c\" data-element_type=\"widget\" data-widget_type=\"heading.default\">\n\t\t\t\t<div class=\"elementor-widget-container\">\n\t\t\t<h3 class=\"elementor-heading-title elementor-size-default\">Rruga A, ku ndodhet Prishtina Green Residence\n\u00ebsht\u00eb e ardhmja p\u00ebr biznesin<\/h3>\t\t<\/div>\n\t\t\t\t<\/div>\n\t\t\t\t<div class=\"elementor-element elementor-element-45ba25a elementor-widget elementor-widget-text-editor\" data-id=\"45ba25a\" data-element_type=\"widget\" data-widget_type=\"text-editor.default\">\n\t\t\t\t<div class=\"elementor-widget-container\">\n\t\t\t\t\t\t\tMe nj\u00eb gjat\u00ebsi prej 150 metrash, me qasje n\u00eb rrug\u00eb, n\u00eb qend\u00ebr t\u00eb Rrug\u00ebs A, Prishtina Green Residence do t\u00eb ofroj\u00eb mund\u00ebsin\u00eb m\u00eb t\u00eb mir\u00eb p\u00ebr zhvillimin e biznesit. Lokale do t\u00eb ket\u00eb n\u00eb dispozicion n\u00eb dy kate, nj\u00ebra n\u00eb nivel t\u00eb rrug\u00ebs, tjetra n\u00eb kat t\u00eb dyt\u00eb qasje me shkall\u00eb elektrike n\u00eb t\u00eb dhe n\u00eb nivel t\u00eb rrafsh\u00ebt me pjes\u00ebn prapa kompleksit.\n\t\t\t\t\t\t<\/div>\n\t\t\t\t<\/div>\n\t\t\t\t\t<\/div>\n\t\t<\/div>\n\t\t\t\t\t\t\t<\/div>\n\t\t<\/section>\n\t\t\t\t<section class=\"elementor-section elementor-top-section elementor-element elementor-element-ed86b45 elementor-section-stretched elementor-section-full_width flex-order animated-fast elementor-section-height-default elementor-section-height-default elementor-invisible\" data-id=\"ed86b45\" data-element_type=\"section\" data-settings=\"{&quot;stretch_section&quot;:&quot;section-stretched&quot;,&quot;animation&quot;:&quot;opal-move-up&quot;}\">\n\t\t\t\t\t\t<div class=\"elementor-container elementor-column-gap-default\">\n\t\t\t\t\t<div class=\"elementor-column elementor-col-50 elementor-top-column elementor-element elementor-element-c3016bd order1\" data-id=\"c3016bd\" data-element_type=\"column\">\n\t\t\t<div class=\"elementor-widget-wrap elementor-element-populated\">\n\t\t\t\t\t\t\t\t<div class=\"elementor-element elementor-element-bc268aa elementor-widget elementor-widget-image\" data-id=\"bc268aa\" data-element_type=\"widget\" data-widget_type=\"image.default\">\n\t\t\t\t<div class=\"elementor-widget-container\">\n\t\t\t\t\t\t\t\t\t\t\t\t\t\t\t<img decoding=\"async\" width=\"960\" height=\"680\" src=\"http:\/\/prishtina-green.com\/residence\/wp-content\/uploads\/2021\/05\/KafeResto.jpg\" class=\"attachment-full size-full wp-image-9579\" alt=\"\" loading=\"lazy\" \/>\t\t\t\t\t\t\t\t\t\t\t\t\t\t\t<\/div>\n\t\t\t\t<\/div>\n\t\t\t\t\t<\/div>\n\t\t<\/div>\n\t\t\t\t<div class=\"elementor-column elementor-col-50 elementor-top-column elementor-element elementor-element-009b86b order2\" data-id=\"009b86b\" data-element_type=\"column\">\n\t\t\t<div class=\"elementor-widget-wrap elementor-element-populated\">\n\t\t\t\t\t\t\t\t<div class=\"elementor-element elementor-element-b53ed9d text-block-right-building elementor-widget elementor-widget-text-editor\" data-id=\"b53ed9d\" data-element_type=\"widget\" data-widget_type=\"text-editor.default\">\n\t\t\t\t<div class=\"elementor-widget-container\">\n\t\t\t\t\t\t\t<h3 class=\"title\">Restorante dhe kafiteri\n<\/h3>\n<p class=\"content\">Me popullimin e Rrug\u00ebs A, gj\u00eb e cila do t\u00eb ndodh n\u00eb afat rekord duke par\u00eb dinamik\u00ebn e pun\u00ebve, restoranti apo kafiteria do t\u00eb ishte biznes tejet atraktiv dhe i garantuar duke par\u00eb planimetrin\u00eb dhe mund\u00ebsit\u00eb q\u00eb ofrohen n\u00eb Prishtina Green Residence.\n<\/p>\t\t\t\t\t\t<\/div>\n\t\t\t\t<\/div>\n\t\t\t\t\t<\/div>\n\t\t<\/div>\n\t\t\t\t\t\t\t<\/div>\n\t\t<\/section>\n\t\t\t\t<section class=\"elementor-section elementor-top-section elementor-element elementor-element-7be62c1 elementor-section-stretched elementor-section-full_width flex-order animated-fast elementor-section-height-default elementor-section-height-default elementor-invisible\" data-id=\"7be62c1\" data-element_type=\"section\" data-settings=\"{&quot;stretch_section&quot;:&quot;section-stretched&quot;,&quot;animation&quot;:&quot;opal-move-up&quot;}\">\n\t\t\t\t\t\t<div class=\"elementor-container elementor-column-gap-default\">\n\t\t\t\t\t<div class=\"elementor-column elementor-col-50 elementor-top-column elementor-element elementor-element-fde5f14 order2\" data-id=\"fde5f14\" data-element_type=\"column\">\n\t\t\t<div class=\"elementor-widget-wrap elementor-element-populated\">\n\t\t\t\t\t\t\t\t<div class=\"elementor-element elementor-element-fa4cc70 text-block-left-building elementor-widget elementor-widget-text-editor\" data-id=\"fa4cc70\" data-element_type=\"widget\" data-widget_type=\"text-editor.default\">\n\t\t\t\t<div class=\"elementor-widget-container\">\n\t\t\t\t\t\t\t<h3 class=\"title\">Dyqane t\u00eb ndryshme\n<\/h3>\n<p class=\"content\">Frekuentimi i madh i veturave dhe k\u00ebmb\u00ebsor\u00ebve n\u00eb Rrug\u00ebn A, e b\u00ebn tejet atraktiv hapjen e dyqaneve t\u00eb ndryshme n\u00eb kompleksin Prishtina Green Residence. Me hap\u00ebsir\u00ebn e madhe q\u00eb \u00ebsht\u00eb n\u00eb dispozicion t\u00eb lokaleve, dyqani juaj i ardhsh\u00ebm mund t\u00eb g\u00ebzoj\u00eb hap\u00ebsir\u00ebn perfekte.\n<\/p>\t\t\t\t\t\t<\/div>\n\t\t\t\t<\/div>\n\t\t\t\t\t<\/div>\n\t\t<\/div>\n\t\t\t\t<div class=\"elementor-column elementor-col-50 elementor-top-column elementor-element elementor-element-8c14764 order1\" data-id=\"8c14764\" data-element_type=\"column\">\n\t\t\t<div class=\"elementor-widget-wrap elementor-element-populated\">\n\t\t\t\t\t\t\t\t<div class=\"elementor-element elementor-element-91fec64 elementor-widget elementor-widget-image\" data-id=\"91fec64\" data-element_type=\"widget\" data-widget_type=\"image.default\">\n\t\t\t\t<div class=\"elementor-widget-container\">\n\t\t\t\t\t\t\t\t\t\t\t\t\t\t\t<img decoding=\"async\" width=\"960\" height=\"680\" src=\"http:\/\/prishtina-green.com\/residence\/wp-content\/uploads\/2021\/05\/Dyqan.jpg\" class=\"attachment-full size-full wp-image-9580\" alt=\"\" loading=\"lazy\" \/>\t\t\t\t\t\t\t\t\t\t\t\t\t\t\t<\/div>\n\t\t\t\t<\/div>\n\t\t\t\t\t<\/div>\n\t\t<\/div>\n\t\t\t\t\t\t\t<\/div>\n\t\t<\/section>\n\t\t\t\t<section class=\"elementor-section elementor-top-section elementor-element elementor-element-dbc0c19 elementor-section-stretched elementor-section-full_width flex-order animated-fast elementor-section-height-default elementor-section-height-default elementor-invisible\" data-id=\"dbc0c19\" data-element_type=\"section\" data-settings=\"{&quot;stretch_section&quot;:&quot;section-stretched&quot;,&quot;animation&quot;:&quot;opal-move-up&quot;}\">\n\t\t\t\t\t\t<div class=\"elementor-container elementor-column-gap-default\">\n\t\t\t\t\t<div class=\"elementor-column elementor-col-50 elementor-top-column elementor-element elementor-element-ca5cf27 order1\" data-id=\"ca5cf27\" data-element_type=\"column\">\n\t\t\t<div class=\"elementor-widget-wrap elementor-element-populated\">\n\t\t\t\t\t\t\t\t<div class=\"elementor-element elementor-element-cb10879 elementor-widget elementor-widget-image\" data-id=\"cb10879\" data-element_type=\"widget\" data-widget_type=\"image.default\">\n\t\t\t\t<div class=\"elementor-widget-container\">\n\t\t\t\t\t\t\t\t\t\t\t\t\t\t\t<img decoding=\"async\" width=\"960\" height=\"680\" src=\"http:\/\/prishtina-green.com\/residence\/wp-content\/uploads\/2021\/05\/Zyre.jpg\" class=\"attachment-full size-full wp-image-9581\" alt=\"\" loading=\"lazy\" \/>\t\t\t\t\t\t\t\t\t\t\t\t\t\t\t<\/div>\n\t\t\t\t<\/div>\n\t\t\t\t\t<\/div>\n\t\t<\/div>\n\t\t\t\t<div class=\"elementor-column elementor-col-50 elementor-top-column elementor-element elementor-element-dbed71f order2\" data-id=\"dbed71f\" data-element_type=\"column\">\n\t\t\t<div class=\"elementor-widget-wrap elementor-element-populated\">\n\t\t\t\t\t\t\t\t<div class=\"elementor-element elementor-element-f3f5890 text-block-right-building elementor-widget elementor-widget-text-editor\" data-id=\"f3f5890\" data-element_type=\"widget\" data-widget_type=\"text-editor.default\">\n\t\t\t\t<div class=\"elementor-widget-container\">\n\t\t\t\t\t\t\t<h3 class=\"title\">Zyre<\/h3>\n<p class=\"content\">Rruga A do t\u00eb ofroj\u00eb qasje t\u00eb shpejt\u00eb n\u00eb t\u00eb gjith\u00eb qytetin, pjes\u00ebn e brendshme dhe at\u00eb t\u00eb jashtme. Duke ditur k\u00ebt\u00eb fakt, t\u00eb pasurit nj\u00eb zyr\u00eb n\u00eb kompleksin Prishtina Green Hill \u00ebsht\u00eb p\u00ebrpar\u00ebsi e r\u00ebnd\u00ebsishme p\u00ebr afarizmin tuaj. \n<\/p>\t\t\t\t\t\t<\/div>\n\t\t\t\t<\/div>\n\t\t\t\t\t<\/div>\n\t\t<\/div>\n\t\t\t\t\t\t\t<\/div>\n\t\t<\/section>\n\t\t\t\t<section class=\"elementor-section elementor-top-section elementor-element elementor-element-4ad3248 elementor-section-stretched animated-fast elementor-section-boxed elementor-section-height-default elementor-section-height-default elementor-invisible\" data-id=\"4ad3248\" data-element_type=\"section\" data-settings=\"{&quot;stretch_section&quot;:&quot;section-stretched&quot;,&quot;animation&quot;:&quot;opal-move-up&quot;}\">\n\t\t\t\t\t\t<div class=\"elementor-container elementor-column-gap-default\">\n\t\t\t\t\t<div class=\"elementor-column elementor-col-100 elementor-top-column elementor-element elementor-element-9efdb1e\" data-id=\"9efdb1e\" data-element_type=\"column\">\n\t\t\t<div class=\"elementor-widget-wrap elementor-element-populated\">\n\t\t\t\t\t\t\t\t<div class=\"elementor-element elementor-element-396ea2c elementor-widget elementor-widget-text-editor\" data-id=\"396ea2c\" data-element_type=\"widget\" data-widget_type=\"text-editor.default\">\n\t\t\t\t<div class=\"elementor-widget-container\">\n\t\t\t\t\t\t\t<div id=\":1a1\" class=\"ii gt\"><div id=\":1a2\" class=\"a3s aiL \"><div dir=\"ltr\"><div>Lokalet n\u00eb Prishtina Green Residence jan\u00eb t\u00eb p\u00ebrshtatshme p\u00ebr t\u00eb gjitha veprimtarit\u00eb e afarizmint, andaj na kontaktoni p\u00ebr t\u00eb p\u00ebrfituar \u00e7mimet e favorshme q\u00eb mund t&#8217;ju ofrohen n\u00eb k\u00ebt\u00eb faz\u00eb t\u00eb nd\u00ebrtimit.<\/div><\/div><div class=\"yj6qo\">\u00a0<\/div><div class=\"adL\">\u00a0<\/div><\/div><\/div><div id=\":1wj\" class=\"hq gt\">\u00a0<\/div>\t\t\t\t\t\t<\/div>\n\t\t\t\t<\/div>\n\t\t\t\t\t<\/div>\n\t\t<\/div>\n\t\t\t\t\t\t\t<\/div>\n\t\t<\/section>\n\t\t\t\t\t\t\t<\/div>\n\t\t","protected":false},"excerpt":{"rendered":"<p>Rruga A, ku ndodhet Prishtina Green Residence \u00ebsht\u00eb e ardhmja p\u00ebr biznesin Me nj\u00eb gjat\u00ebsi prej 150 metrash, me qasje n\u00eb rrug\u00eb, n\u00eb qend\u00ebr t\u00eb Rrug\u00ebs A, Prishtina Green Residence do t\u00eb ofroj\u00eb mund\u00ebsin\u00eb m\u00eb t\u00eb mir\u00eb p\u00ebr zhvillimin e biznesit. Lokale do t\u00eb ket\u00eb n\u00eb dispozicion n\u00eb dy kate, nj\u00ebra n\u00eb nivel t\u00eb rrug\u00ebs, [&hellip;]<\/p>\n","protected":false},"author":1,"featured_media":0,"parent":0,"menu_order":0,"comment_status":"closed","ping_status":"closed","template":"","meta":[],"_links":{"self":[{"href":"http:\/\/prishtina-green.com\/residence\/wp-json\/wp\/v2\/pages\/7927"}],"collection":[{"href":"http:\/\/prishtina-green.com\/residence\/wp-json\/wp\/v2\/pages"}],"about":[{"href":"http:\/\/prishtina-green.com\/residence\/wp-json\/wp\/v2\/types\/page"}],"author":[{"embeddable":true,"href":"http:\/\/prishtina-green.com\/residence\/wp-json\/wp\/v2\/users\/1"}],"replies":[{"embeddable":true,"href":"http:\/\/prishtina-green.com\/residence\/wp-json\/wp\/v2\/comments?post=7927"}],"version-history":[{"count":21,"href":"http:\/\/prishtina-green.com\/residence\/wp-json\/wp\/v2\/pages\/7927\/revisions"}],"predecessor-version":[{"id":9617,"href":"http:\/\/prishtina-green.com\/residence\/wp-json\/wp\/v2\/pages\/7927\/revisions\/9617"}],"wp:attachment":[{"href":"http:\/\/prishtina-green.com\/residence\/wp-json\/wp\/v2\/media?parent=7927"}],"curies":[{"name":"wp","href":"https:\/\/api.w.org\/{rel}","templated":true}]}}