{"id":9606,"date":"2021-05-02T17:21:07","date_gmt":"2021-05-02T17:21:07","guid":{"rendered":"http:\/\/prishtina-green.com\/residence\/?page_id=9606"},"modified":"2021-05-04T13:38:52","modified_gmt":"2021-05-04T13:38:52","slug":"banesat","status":"publish","type":"page","link":"http:\/\/prishtina-green.com\/residence\/banesat\/","title":{"rendered":"BANESAT"},"content":{"rendered":"\t\t<div data-elementor-type=\"wp-page\" data-elementor-id=\"9606\" class=\"elementor elementor-9606\">\n\t\t\t\t\t\t\t\t\t<section class=\"elementor-section elementor-top-section elementor-element elementor-element-127d8dfa elementor-section-stretched animated-fast elementor-section-boxed elementor-section-height-default elementor-section-height-default elementor-invisible\" data-id=\"127d8dfa\" data-element_type=\"section\" data-settings=\"{&quot;stretch_section&quot;:&quot;section-stretched&quot;,&quot;animation&quot;:&quot;opal-move-up&quot;}\">\n\t\t\t\t\t\t<div class=\"elementor-container elementor-column-gap-default\">\n\t\t\t\t\t<div class=\"elementor-column elementor-col-100 elementor-top-column elementor-element elementor-element-7d8544a1\" data-id=\"7d8544a1\" data-element_type=\"column\">\n\t\t\t<div class=\"elementor-widget-wrap elementor-element-populated\">\n\t\t\t\t\t\t\t\t<div class=\"elementor-element elementor-element-45da9fd6 title-thebuilding elementor-widget elementor-widget-heading\" data-id=\"45da9fd6\" data-element_type=\"widget\" data-widget_type=\"heading.default\">\n\t\t\t\t<div class=\"elementor-widget-container\">\n\t\t\t<h3 class=\"elementor-heading-title elementor-size-default\">Zgjedh tipin e banes\u00ebs q\u00eb p\u00ebrmbush nevojat tuaja!\n<\/h3>\t\t<\/div>\n\t\t\t\t<\/div>\n\t\t\t\t\t<\/div>\n\t\t<\/div>\n\t\t\t\t\t\t\t<\/div>\n\t\t<\/section>\n\t\t\t\t<section class=\"elementor-section elementor-top-section elementor-element elementor-element-1df93018 animated-fast elementor-section-boxed elementor-section-height-default elementor-section-height-default elementor-invisible\" data-id=\"1df93018\" data-element_type=\"section\" data-settings=\"{&quot;background_background&quot;:&quot;classic&quot;,&quot;animation&quot;:&quot;opal-move-up&quot;}\">\n\t\t\t\t\t\t<div class=\"elementor-container elementor-column-gap-default\">\n\t\t\t\t\t<div class=\"elementor-column elementor-col-100 elementor-top-column elementor-element elementor-element-42c42b2e\" data-id=\"42c42b2e\" data-element_type=\"column\">\n\t\t\t<div class=\"elementor-widget-wrap elementor-element-populated\">\n\t\t\t\t\t\t\t\t<div class=\"elementor-element elementor-element-5c1ba7b elementor-widget elementor-widget-bwp_slider\" data-id=\"5c1ba7b\" data-element_type=\"widget\" data-widget_type=\"bwp_slider.default\">\n\t\t\t\t<div class=\"elementor-widget-container\">\n\t\t\t\t<div class=\"bwp-slider slider-2\">\r\n\t\t<div class=\"slick-carousel slick-carousel-center\" data-centerMode=\"true\" data-nav=\"true\" data-dots=\"false\" data-columns4=\"1\" data-columns3=\"1\" data-columns2=\"1\" data-columns1=\"1\" data-columns=\"1\" >\r\n\t\t\t\t\t\t\t\t\t\t\t\t<div class=\"item\">\r\n\t\t\t\t\t\t<div class=\"row\">\r\n\t\t\t\t\t\t\t<div class=\"col-lg-7 col-md-7 col-sm-12 col-xs-12\">\r\n\t\t\t\t\t\t\t\t\t\t\t\t\t\t\t\t\t<div  class=\"image-slider\">\r\n\t\t\t\t\t\t\t\t\t\t<img decoding=\"async\" src=\"http:\/\/prishtina-green.com\/residence\/wp-content\/uploads\/2021\/05\/54.70-1.jpg\" alt=\"Image Slider\">\r\n\t\t\t\t\t\t\t\t\t<\/div>\r\n\t\t\t\t\t\t\t\t\t\t\t\t\t\t\t<\/div>\r\n\t\t\t\t\t\t\t<div class=\"col-lg-5 col-md-5 col-sm-12 col-xs-12\">\r\n\t\t\t\t\t\t\t\t<div class=\"slider-content\">\r\n\t\t\t\t\t\t\t\t\t\t\t\t\t\t\t\t\t\t\t<h2 class=\"title-slider\">54.70 &#13217;<\/h2>\r\n\t\t\t\t\t\t\t\t\t\t\t\t\t\t\t\t\t\t\t\t\t\t\t\t\t\t\t\t<div class=\"description-slider\">\r\n\t\t\t\t\t\t\t\t\t\t\t<strong>Banes\u00eb ideale p\u00ebr nj\u00eb nj\u00eb qift t\u00eb ri.<\/strong>\n\n<p>\nHap\u00ebsir\u00eb e disejnuar q\u00eb t'ju p\u00ebrgjigjet nevojave tuaja t\u00eb p\u00ebrditshme, me q\u00ebndrimin ditor dhe kuzhin\u00ebn bashk\u00eb, nj\u00eb dhom\u00eb t\u00eb fjetjes dhe nj\u00eb banjo bashk\u00eb me wc.<\/p>\n\n<ul>\n<li>Sallon\n\n\n<\/li>\n<li>Kuzhin\u00eb<\/li>\n<li>1 Dhom\u00eb e fjetj\u00ebs<\/li>\n<li>Banjo \/ Wc <\/li>\n<\/ul>\t\t\t\t\t\t\t\t\t\t<\/div>\r\n\t\t\t\t\t\t\t\t\t\t\t\t\t\t\t\t\t<\/div>\r\n\t\t\t\t\t\t\t<\/div>\r\n\t\t\t\t\t\t<\/div>\t\t\t\t\r\n\t\t\t\t\t<\/div>\t\t\t\t\r\n\t\t\t\t\t\t\t\t\t\r\n\t\t\t\t\t\t\t\t\t\t\t\t<div class=\"item\">\r\n\t\t\t\t\t\t<div class=\"row\">\r\n\t\t\t\t\t\t\t<div class=\"col-lg-7 col-md-7 col-sm-12 col-xs-12\">\r\n\t\t\t\t\t\t\t\t\t\t\t\t\t\t\t\t\t<div  class=\"image-slider\">\r\n\t\t\t\t\t\t\t\t\t\t<img decoding=\"async\" src=\"http:\/\/prishtina-green.com\/residence\/wp-content\/uploads\/2021\/05\/56.91.jpg\" alt=\"Image Slider\">\r\n\t\t\t\t\t\t\t\t\t<\/div>\r\n\t\t\t\t\t\t\t\t\t\t\t\t\t\t\t<\/div>\r\n\t\t\t\t\t\t\t<div class=\"col-lg-5 col-md-5 col-sm-12 col-xs-12\">\r\n\t\t\t\t\t\t\t\t<div class=\"slider-content\">\r\n\t\t\t\t\t\t\t\t\t\t\t\t\t\t\t\t\t\t\t<h2 class=\"title-slider\">56.91 &#13217;<\/h2>\r\n\t\t\t\t\t\t\t\t\t\t\t\t\t\t\t\t\t\t\t\t\t\t\t\t\t\t\t\t<div class=\"description-slider\">\r\n\t\t\t\t\t\t\t\t\t\t\t<strong>Banes\u00eb ideale p\u00ebr nj\u00eb nj\u00eb familje deri n\u00eb 4 an\u00ebtar\u00eb.\n<\/strong>\n\n<p>\nHap\u00ebsir\u00eb e disejnuar q\u00eb t'ju p\u00ebrgjigjet nevojave tuaja dhe t\u00eb f\u00ebmij\u00ebve, me q\u00ebndrimin ditor dhe kuzhin\u00ebn bashk\u00eb, dy dhoma t\u00eb fjetjes dhe nj\u00eb banjo bashk\u00eb me wc dhe nj\u00eb ballkon.<\/p>\n\n<ul>\n<li>Sallon\n\n\n<\/li>\n<li>Kuzhin\u00eb<\/li>\n<li>2 Dhoma t\u00eb fjetj\u00ebs<\/li>\n<li>Banjo \/ Wc <\/li>\n<li>Ballkon <\/li>\n<\/ul>\t\t\t\t\t\t\t\t\t\t<\/div>\r\n\t\t\t\t\t\t\t\t\t\t\t\t\t\t\t\t\t<\/div>\r\n\t\t\t\t\t\t\t<\/div>\r\n\t\t\t\t\t\t<\/div>\t\t\t\t\r\n\t\t\t\t\t<\/div>\t\t\t\t\r\n\t\t\t\t\t\t\t\t\t\r\n\t\t\t\t\t\t\t\t\t\t\t\t<div class=\"item\">\r\n\t\t\t\t\t\t<div class=\"row\">\r\n\t\t\t\t\t\t\t<div class=\"col-lg-7 col-md-7 col-sm-12 col-xs-12\">\r\n\t\t\t\t\t\t\t\t\t\t\t\t\t\t\t\t\t<div  class=\"image-slider\">\r\n\t\t\t\t\t\t\t\t\t\t<img decoding=\"async\" src=\"http:\/\/prishtina-green.com\/residence\/wp-content\/uploads\/2021\/05\/75.48.jpg\" alt=\"Image Slider\">\r\n\t\t\t\t\t\t\t\t\t<\/div>\r\n\t\t\t\t\t\t\t\t\t\t\t\t\t\t\t<\/div>\r\n\t\t\t\t\t\t\t<div class=\"col-lg-5 col-md-5 col-sm-12 col-xs-12\">\r\n\t\t\t\t\t\t\t\t<div class=\"slider-content\">\r\n\t\t\t\t\t\t\t\t\t\t\t\t\t\t\t\t\t\t\t<h2 class=\"title-slider\">75.48 &#13217;<\/h2>\r\n\t\t\t\t\t\t\t\t\t\t\t\t\t\t\t\t\t\t\t\t\t\t\t\t\t\t\t\t<div class=\"description-slider\">\r\n\t\t\t\t\t\t\t\t\t\t\t<strong>Banes\u00eb ideale p\u00ebr nj\u00eb nj\u00eb qift t\u00eb ri.<\/strong>\n\n<p>\nHap\u00ebsir\u00eb e disejnuar q\u00eb t'ju p\u00ebrgjigjet nevojave tuaja t\u00eb p\u00ebrditshme, me q\u00ebndrimin ditor dhe kuzhin\u00ebn bashk\u00eb, nj\u00eb dhom\u00eb t\u00eb fjetjes dhe nj\u00eb banjo bashk\u00eb me wc dhe ballkon.<\/p>\n\n<ul>\n<li>Sallon\n\n\n<\/li>\n<li>Kuzhin\u00eb<\/li>\n<li>1 Dhom\u00eb e fjetj\u00ebs<\/li>\n<li>Banjo \/ Wc <\/li>\n<li>Ballkon <\/li>\n<\/ul>\t\t\t\t\t\t\t\t\t\t<\/div>\r\n\t\t\t\t\t\t\t\t\t\t\t\t\t\t\t\t\t<\/div>\r\n\t\t\t\t\t\t\t<\/div>\r\n\t\t\t\t\t\t<\/div>\t\t\t\t\r\n\t\t\t\t\t<\/div>\t\t\t\t\r\n\t\t\t\t\t\t\t\t\t\r\n\t\t\t\t\t\t\t\t\t\t\t\t<div class=\"item\">\r\n\t\t\t\t\t\t<div class=\"row\">\r\n\t\t\t\t\t\t\t<div class=\"col-lg-7 col-md-7 col-sm-12 col-xs-12\">\r\n\t\t\t\t\t\t\t\t\t\t\t\t\t\t\t\t\t<div  class=\"image-slider\">\r\n\t\t\t\t\t\t\t\t\t\t<img decoding=\"async\" src=\"http:\/\/prishtina-green.com\/residence\/wp-content\/uploads\/2021\/05\/79.50.jpg\" alt=\"Image Slider\">\r\n\t\t\t\t\t\t\t\t\t<\/div>\r\n\t\t\t\t\t\t\t\t\t\t\t\t\t\t\t<\/div>\r\n\t\t\t\t\t\t\t<div class=\"col-lg-5 col-md-5 col-sm-12 col-xs-12\">\r\n\t\t\t\t\t\t\t\t<div class=\"slider-content\">\r\n\t\t\t\t\t\t\t\t\t\t\t\t\t\t\t\t\t\t\t<h2 class=\"title-slider\">79.50 &#13217;<\/h2>\r\n\t\t\t\t\t\t\t\t\t\t\t\t\t\t\t\t\t\t\t\t\t\t\t\t\t\t\t\t<div class=\"description-slider\">\r\n\t\t\t\t\t\t\t\t\t\t\t<strong>Banes\u00eb ideale p\u00ebr nj\u00eb nj\u00eb familje deri n\u00eb 5 an\u00ebtar\u00eb.\n\n<\/strong>\n\n<p>\nHap\u00ebsir\u00eb e disejnuar q\u00eb t'ju p\u00ebrgjigjet nevojave tuaja dhe t\u00eb f\u00ebmij\u00ebve, me q\u00ebndrimin ditor dhe kuzhin\u00ebn bashk\u00eb, dy dhoma t\u00eb fjetjes, nj\u00eb banjo, nj\u00eb wc dhe nj\u00eb ballkon.<\/p>\n\n<ul>\n<li>Sallon\n\n\n<\/li>\n<li>Kuzhin\u00eb<\/li>\n<li>\n2 Dhoma t\u00eb fjetj\u00ebs\n<\/li>\n<li>Banjo <\/li>\n<li>WC<\/li>\n<li>Ballkon <\/li>\n<\/ul>\t\t\t\t\t\t\t\t\t\t<\/div>\r\n\t\t\t\t\t\t\t\t\t\t\t\t\t\t\t\t\t<\/div>\r\n\t\t\t\t\t\t\t<\/div>\r\n\t\t\t\t\t\t<\/div>\t\t\t\t\r\n\t\t\t\t\t<\/div>\t\t\t\t\r\n\t\t\t\t\t\t\t\t\t\r\n\t\t\t\t\t\t\t\t\t\t\t\t<div class=\"item\">\r\n\t\t\t\t\t\t<div class=\"row\">\r\n\t\t\t\t\t\t\t<div class=\"col-lg-7 col-md-7 col-sm-12 col-xs-12\">\r\n\t\t\t\t\t\t\t\t\t\t\t\t\t\t\t\t\t<div  class=\"image-slider\">\r\n\t\t\t\t\t\t\t\t\t\t<img decoding=\"async\" src=\"http:\/\/prishtina-green.com\/residence\/wp-content\/uploads\/2021\/05\/81.16.jpg\" alt=\"Image Slider\">\r\n\t\t\t\t\t\t\t\t\t<\/div>\r\n\t\t\t\t\t\t\t\t\t\t\t\t\t\t\t<\/div>\r\n\t\t\t\t\t\t\t<div class=\"col-lg-5 col-md-5 col-sm-12 col-xs-12\">\r\n\t\t\t\t\t\t\t\t<div class=\"slider-content\">\r\n\t\t\t\t\t\t\t\t\t\t\t\t\t\t\t\t\t\t\t<h2 class=\"title-slider\">81.16 &#13217;<\/h2>\r\n\t\t\t\t\t\t\t\t\t\t\t\t\t\t\t\t\t\t\t\t\t\t\t\t\t\t\t\t<div class=\"description-slider\">\r\n\t\t\t\t\t\t\t\t\t\t\t<strong>Banes\u00eb ideale p\u00ebr nj\u00eb nj\u00eb familje deri n\u00eb 5 an\u00ebtar\u00eb.\n\n<\/strong>\n\n<p>Hap\u00ebsir\u00eb e disejnuar q\u00eb t'ju p\u00ebrgjigjet nevojave tuaja dhe t\u00eb f\u00ebmij\u00ebve, me q\u00ebndrimin ditor dhe kuzhin\u00ebn bashk\u00eb, depo, dy dhoma t\u00eb fjetjes, nj\u00eb banjo, nj\u00eb wc dhe nj\u00eb ballkon.<\/p>\n\n<ul>\n<li>Sallon\n\n\n<\/li>\n<li>Kuzhin\u00eb<\/li>\n<li>\n2 Dhoma t\u00eb fjetj\u00ebs\n<\/li>\n<li>Depo<\/li>\n<li>Banjo <\/li>\n<li>WC<\/li>\n<li>Ballkon <\/li>\n<\/ul>\t\t\t\t\t\t\t\t\t\t<\/div>\r\n\t\t\t\t\t\t\t\t\t\t\t\t\t\t\t\t\t<\/div>\r\n\t\t\t\t\t\t\t<\/div>\r\n\t\t\t\t\t\t<\/div>\t\t\t\t\r\n\t\t\t\t\t<\/div>\t\t\t\t\r\n\t\t\t\t\t\t\t\t\t\r\n\t\t\t\t\t\t\t\t\t\t\t\t<div class=\"item\">\r\n\t\t\t\t\t\t<div class=\"row\">\r\n\t\t\t\t\t\t\t<div class=\"col-lg-7 col-md-7 col-sm-12 col-xs-12\">\r\n\t\t\t\t\t\t\t\t\t\t\t\t\t\t\t\t\t<div  class=\"image-slider\">\r\n\t\t\t\t\t\t\t\t\t\t<img decoding=\"async\" src=\"http:\/\/prishtina-green.com\/residence\/wp-content\/uploads\/2021\/05\/84.77.jpg\" alt=\"Image Slider\">\r\n\t\t\t\t\t\t\t\t\t<\/div>\r\n\t\t\t\t\t\t\t\t\t\t\t\t\t\t\t<\/div>\r\n\t\t\t\t\t\t\t<div class=\"col-lg-5 col-md-5 col-sm-12 col-xs-12\">\r\n\t\t\t\t\t\t\t\t<div class=\"slider-content\">\r\n\t\t\t\t\t\t\t\t\t\t\t\t\t\t\t\t\t\t\t<h2 class=\"title-slider\">84.77 &#13217;<\/h2>\r\n\t\t\t\t\t\t\t\t\t\t\t\t\t\t\t\t\t\t\t\t\t\t\t\t\t\t\t\t<div class=\"description-slider\">\r\n\t\t\t\t\t\t\t\t\t\t\t<strong>Banes\u00eb ideale p\u00ebr nj\u00eb nj\u00eb familje deri n\u00eb 5 an\u00ebtar\u00eb.\n\n<\/strong>\n\n<p>Hap\u00ebsir\u00eb e disejnuar q\u00eb t'ju p\u00ebrgjigjet nevojave tuaja dhe t\u00eb f\u00ebmij\u00ebve, me q\u00ebndrimin ditor dhe kuzhin\u00ebn bashk\u00eb, dy dhoma t\u00eb fjetjes, nj\u00eb depo, nj\u00eb banjo, nj\u00eb wc dhe nj\u00eb ballkon.<\/p>\n\n<ul>\n<li>Sallon\n\n\n<\/li>\n<li>Kuzhin\u00eb<\/li>\n<li>\n2 Dhoma t\u00eb fjetj\u00ebs\n<\/li>\n<li>Depo<\/li>\n<li>Banjo <\/li>\n<li>WC<\/li>\n<li>Ballkon <\/li>\n<\/ul>\t\t\t\t\t\t\t\t\t\t<\/div>\r\n\t\t\t\t\t\t\t\t\t\t\t\t\t\t\t\t\t<\/div>\r\n\t\t\t\t\t\t\t<\/div>\r\n\t\t\t\t\t\t<\/div>\t\t\t\t\r\n\t\t\t\t\t<\/div>\t\t\t\t\r\n\t\t\t\t\t\t\t\t\t\r\n\t\t\t\t\t\t\t\t\t\t\t\t<div class=\"item\">\r\n\t\t\t\t\t\t<div class=\"row\">\r\n\t\t\t\t\t\t\t<div class=\"col-lg-7 col-md-7 col-sm-12 col-xs-12\">\r\n\t\t\t\t\t\t\t\t\t\t\t\t\t\t\t\t\t<div  class=\"image-slider\">\r\n\t\t\t\t\t\t\t\t\t\t<img decoding=\"async\" src=\"http:\/\/prishtina-green.com\/residence\/wp-content\/uploads\/2021\/05\/92.54-1.jpg\" alt=\"Image Slider\">\r\n\t\t\t\t\t\t\t\t\t<\/div>\r\n\t\t\t\t\t\t\t\t\t\t\t\t\t\t\t<\/div>\r\n\t\t\t\t\t\t\t<div class=\"col-lg-5 col-md-5 col-sm-12 col-xs-12\">\r\n\t\t\t\t\t\t\t\t<div class=\"slider-content\">\r\n\t\t\t\t\t\t\t\t\t\t\t\t\t\t\t\t\t\t\t<h2 class=\"title-slider\">92.54 &#13217;<\/h2>\r\n\t\t\t\t\t\t\t\t\t\t\t\t\t\t\t\t\t\t\t\t\t\t\t\t\t\t\t\t<div class=\"description-slider\">\r\n\t\t\t\t\t\t\t\t\t\t\t<strong>Banes\u00eb ideale p\u00ebr nj\u00eb nj\u00eb familje deri n\u00eb 5 an\u00ebtar\u00eb.\n\n<\/strong>\n\n<p>Hap\u00ebsir\u00eb e disejnuar q\u00eb t'ju p\u00ebrgjigjet nevojave tuaja dhe t\u00eb f\u00ebmij\u00ebve, me q\u00ebndrimin ditor dhe kuzhin\u00ebn bashk\u00eb, dy dhoma t\u00eb fjetjes, nj\u00eb depo, nj\u00eb banjo, nj\u00eb wc dhe nj\u00eb ballkon.<\/p>\n\n<ul>\n<li>Sallon\n\n\n<\/li>\n<li>Kuzhin\u00eb<\/li>\n<li>\n2 Dhoma t\u00eb fjetj\u00ebs\n<\/li>\n<li>Depo<\/li>\n<li>Banjo <\/li>\n<li>WC<\/li>\n<li>Ballkon <\/li>\n<\/ul>\t\t\t\t\t\t\t\t\t\t<\/div>\r\n\t\t\t\t\t\t\t\t\t\t\t\t\t\t\t\t\t<\/div>\r\n\t\t\t\t\t\t\t<\/div>\r\n\t\t\t\t\t\t<\/div>\t\t\t\t\r\n\t\t\t\t\t<\/div>\t\t\t\t\r\n\t\t\t\t\t\t\t\t\t\r\n\t\t\t\t\t\t\t\t\t\t\t\t<div class=\"item\">\r\n\t\t\t\t\t\t<div class=\"row\">\r\n\t\t\t\t\t\t\t<div class=\"col-lg-7 col-md-7 col-sm-12 col-xs-12\">\r\n\t\t\t\t\t\t\t\t\t\t\t\t\t\t\t\t\t<div  class=\"image-slider\">\r\n\t\t\t\t\t\t\t\t\t\t<img decoding=\"async\" src=\"http:\/\/prishtina-green.com\/residence\/wp-content\/uploads\/2021\/05\/93.96.jpg\" alt=\"Image Slider\">\r\n\t\t\t\t\t\t\t\t\t<\/div>\r\n\t\t\t\t\t\t\t\t\t\t\t\t\t\t\t<\/div>\r\n\t\t\t\t\t\t\t<div class=\"col-lg-5 col-md-5 col-sm-12 col-xs-12\">\r\n\t\t\t\t\t\t\t\t<div class=\"slider-content\">\r\n\t\t\t\t\t\t\t\t\t\t\t\t\t\t\t\t\t\t\t<h2 class=\"title-slider\">93.96 &#13217;<\/h2>\r\n\t\t\t\t\t\t\t\t\t\t\t\t\t\t\t\t\t\t\t\t\t\t\t\t\t\t\t\t<div class=\"description-slider\">\r\n\t\t\t\t\t\t\t\t\t\t\t<strong>Banes\u00eb ideale p\u00ebr nj\u00eb nj\u00eb familje deri n\u00eb 5 an\u00ebtar\u00eb.\n\n<\/strong>\n\n<p>Hap\u00ebsir\u00eb e disejnuar q\u00eb t'ju p\u00ebrgjigjet nevojave tuaja dhe t\u00eb f\u00ebmij\u00ebve, me q\u00ebndrimin ditor dhe kuzhin\u00ebn bashk\u00eb, dy dhoma t\u00eb fjetjes, nj\u00eb depo, nj\u00eb banjo, nj\u00eb wc dhe nj\u00eb ballkon.<\/p>\n\n<ul>\n<li>Sallon\n\n\n<\/li>\n<li>Kuzhin\u00eb<\/li>\n<li>\n2 Dhoma t\u00eb fjetj\u00ebs\n<\/li>\n<li>Depo<\/li>\n<li>Banjo <\/li>\n<li>WC<\/li>\n<li>Ballkon <\/li>\n<\/ul>\t\t\t\t\t\t\t\t\t\t<\/div>\r\n\t\t\t\t\t\t\t\t\t\t\t\t\t\t\t\t\t<\/div>\r\n\t\t\t\t\t\t\t<\/div>\r\n\t\t\t\t\t\t<\/div>\t\t\t\t\r\n\t\t\t\t\t<\/div>\t\t\t\t\r\n\t\t\t\t\t\t\t\t\t\r\n\t\t\t\t\t\t\t\t\t\t\t\t<div class=\"item\">\r\n\t\t\t\t\t\t<div class=\"row\">\r\n\t\t\t\t\t\t\t<div class=\"col-lg-7 col-md-7 col-sm-12 col-xs-12\">\r\n\t\t\t\t\t\t\t\t\t\t\t\t\t\t\t\t\t<div  class=\"image-slider\">\r\n\t\t\t\t\t\t\t\t\t\t<img decoding=\"async\" src=\"http:\/\/prishtina-green.com\/residence\/wp-content\/uploads\/2021\/05\/95.37.jpg\" alt=\"Image Slider\">\r\n\t\t\t\t\t\t\t\t\t<\/div>\r\n\t\t\t\t\t\t\t\t\t\t\t\t\t\t\t<\/div>\r\n\t\t\t\t\t\t\t<div class=\"col-lg-5 col-md-5 col-sm-12 col-xs-12\">\r\n\t\t\t\t\t\t\t\t<div class=\"slider-content\">\r\n\t\t\t\t\t\t\t\t\t\t\t\t\t\t\t\t\t\t\t<h2 class=\"title-slider\">95.37 &#13217;<\/h2>\r\n\t\t\t\t\t\t\t\t\t\t\t\t\t\t\t\t\t\t\t\t\t\t\t\t\t\t\t\t<div class=\"description-slider\">\r\n\t\t\t\t\t\t\t\t\t\t\t<strong>Banes\u00eb ideale p\u00ebr nj\u00eb nj\u00eb familje deri n\u00eb 5 an\u00ebtar\u00eb.\n\n<\/strong>\n\n<p>Hap\u00ebsir\u00eb e disejnuar q\u00eb t'ju p\u00ebrgjigjet nevojave tuaja dhe t\u00eb f\u00ebmij\u00ebve, me q\u00ebndrimin ditor dhe kuzhin\u00ebn bashk\u00eb, dy dhoma t\u00eb fjetjes, nj\u00eb depo, nj\u00eb banjo, nj\u00eb wc dhe nj\u00eb ballkon t\u00eb mbyllur.\n<\/p>\n\n<ul>\n<li>Sallon\n\n\n<\/li>\n<li>Kuzhin\u00eb<\/li>\n<li>\n2 Dhoma t\u00eb fjetj\u00ebs\n<\/li>\n<li>Depo<\/li>\n<li>Banjo <\/li>\n<li>WC<\/li>\n<li>Ballkon i mbyllur<\/li>\n<\/ul>\t\t\t\t\t\t\t\t\t\t<\/div>\r\n\t\t\t\t\t\t\t\t\t\t\t\t\t\t\t\t\t<\/div>\r\n\t\t\t\t\t\t\t<\/div>\r\n\t\t\t\t\t\t<\/div>\t\t\t\t\r\n\t\t\t\t\t<\/div>\t\t\t\t\r\n\t\t\t\t\t\t\t\t\t\r\n\t\t\t\t\t\t\t\t\t\t\t\t<div class=\"item\">\r\n\t\t\t\t\t\t<div class=\"row\">\r\n\t\t\t\t\t\t\t<div class=\"col-lg-7 col-md-7 col-sm-12 col-xs-12\">\r\n\t\t\t\t\t\t\t\t\t\t\t\t\t\t\t\t\t<div  class=\"image-slider\">\r\n\t\t\t\t\t\t\t\t\t\t<img decoding=\"async\" src=\"http:\/\/prishtina-green.com\/residence\/wp-content\/uploads\/2021\/05\/95.43.jpg\" alt=\"Image Slider\">\r\n\t\t\t\t\t\t\t\t\t<\/div>\r\n\t\t\t\t\t\t\t\t\t\t\t\t\t\t\t<\/div>\r\n\t\t\t\t\t\t\t<div class=\"col-lg-5 col-md-5 col-sm-12 col-xs-12\">\r\n\t\t\t\t\t\t\t\t<div class=\"slider-content\">\r\n\t\t\t\t\t\t\t\t\t\t\t\t\t\t\t\t\t\t\t<h2 class=\"title-slider\">95.43 &#13217;<\/h2>\r\n\t\t\t\t\t\t\t\t\t\t\t\t\t\t\t\t\t\t\t\t\t\t\t\t\t\t\t\t<div class=\"description-slider\">\r\n\t\t\t\t\t\t\t\t\t\t\t<strong>Banes\u00eb ideale p\u00ebr nj\u00eb nj\u00eb familje deri n\u00eb 5 an\u00ebtar\u00eb.\n\n<\/strong>\n\n<p>Hap\u00ebsir\u00eb e disejnuar q\u00eb t'ju p\u00ebrgjigjet nevojave tuaja dhe t\u00eb f\u00ebmij\u00ebve, me q\u00ebndrimin ditor dhe kuzhin\u00ebn bashk\u00eb, dy dhoma t\u00eb fjetjes, nj\u00eb depo, nj\u00eb banjo, nj\u00eb wc dhe nj\u00eb ballkon t\u00eb mbyllur.\n<\/p>\n\n<ul>\n<li>Sallon\n\n\n<\/li>\n<li>Kuzhin\u00eb<\/li>\n<li>\n2 Dhoma t\u00eb fjetj\u00ebs\n<\/li>\n<li>Depo<\/li>\n<li>Banjo <\/li>\n<li>WC<\/li>\n<li>Ballkon i mbyllur<\/li>\n<\/ul>\t\t\t\t\t\t\t\t\t\t<\/div>\r\n\t\t\t\t\t\t\t\t\t\t\t\t\t\t\t\t\t<\/div>\r\n\t\t\t\t\t\t\t<\/div>\r\n\t\t\t\t\t\t<\/div>\t\t\t\t\r\n\t\t\t\t\t<\/div>\t\t\t\t\r\n\t\t\t\t\t\t\t\t\t\r\n\t\t\t\t\t\t\t\t\t\t\t\t<div class=\"item\">\r\n\t\t\t\t\t\t<div class=\"row\">\r\n\t\t\t\t\t\t\t<div class=\"col-lg-7 col-md-7 col-sm-12 col-xs-12\">\r\n\t\t\t\t\t\t\t\t\t\t\t\t\t\t\t\t\t<div  class=\"image-slider\">\r\n\t\t\t\t\t\t\t\t\t\t<img decoding=\"async\" src=\"http:\/\/prishtina-green.com\/residence\/wp-content\/uploads\/2021\/05\/176.62.jpg\" alt=\"Image Slider\">\r\n\t\t\t\t\t\t\t\t\t<\/div>\r\n\t\t\t\t\t\t\t\t\t\t\t\t\t\t\t<\/div>\r\n\t\t\t\t\t\t\t<div class=\"col-lg-5 col-md-5 col-sm-12 col-xs-12\">\r\n\t\t\t\t\t\t\t\t<div class=\"slider-content\">\r\n\t\t\t\t\t\t\t\t\t\t\t\t\t\t\t\t\t\t\t<h2 class=\"title-slider\">176.62 &#13217;<\/h2>\r\n\t\t\t\t\t\t\t\t\t\t\t\t\t\t\t\t\t\t\t\t\t\t\t\t\t\t\t\t<div class=\"description-slider\">\r\n\t\t\t\t\t\t\t\t\t\t\t<strong>Banes\u00eb ideale p\u00ebr nj\u00eb nj\u00eb familje deri n\u00eb 7 an\u00ebtar\u00eb.\n\n<\/strong>\n\n<p>Hap\u00ebsir\u00eb e disejnuar q\u00eb t'ju p\u00ebrgjigjet nevojave tuaja dhe t\u00eb f\u00ebmij\u00ebve me nj\u00eb hap\u00ebsir\u00eb t\u00eb dedikuar p\u00ebr secilin. Q\u00ebndrimin ditor dhe kuzhin\u00ebn bashk\u00eb, nj\u00eb depo, tre dhoma t\u00eb fjetjes, nj\u00eb banjo, nj\u00eb wc, dy depo dhe nj\u00eb ballkon.\n\n<\/p>\n\n<ul>\n<li>Sallon\n\n\n<\/li>\n<li>Kuzhin\u00eb<\/li>\n<li>\n3 Dhoma t\u00eb fjetj\u00ebs\n<\/li>\n<li>2 Depo<\/li>\n<li>Banjo <\/li>\n<li>WC<\/li>\n<li>Ballkon <\/li>\n<\/ul>\t\t\t\t\t\t\t\t\t\t<\/div>\r\n\t\t\t\t\t\t\t\t\t\t\t\t\t\t\t\t\t<\/div>\r\n\t\t\t\t\t\t\t<\/div>\r\n\t\t\t\t\t\t<\/div>\t\t\t\t\r\n\t\t\t\t\t<\/div>\t\t\t\t\r\n\t\t\t\t\t\t\t\t\t\r\n\t\t\t\t\t\t\t\t\t\t\t\t<div class=\"item\">\r\n\t\t\t\t\t\t<div class=\"row\">\r\n\t\t\t\t\t\t\t<div class=\"col-lg-7 col-md-7 col-sm-12 col-xs-12\">\r\n\t\t\t\t\t\t\t\t\t\t\t\t\t\t\t\t\t<div  class=\"image-slider\">\r\n\t\t\t\t\t\t\t\t\t\t<img decoding=\"async\" src=\"http:\/\/prishtina-green.com\/residence\/wp-content\/uploads\/2021\/05\/180.23.jpg\" alt=\"Image Slider\">\r\n\t\t\t\t\t\t\t\t\t<\/div>\r\n\t\t\t\t\t\t\t\t\t\t\t\t\t\t\t<\/div>\r\n\t\t\t\t\t\t\t<div class=\"col-lg-5 col-md-5 col-sm-12 col-xs-12\">\r\n\t\t\t\t\t\t\t\t<div class=\"slider-content\">\r\n\t\t\t\t\t\t\t\t\t\t\t\t\t\t\t\t\t\t\t<h2 class=\"title-slider\">180.23 &#13217;<\/h2>\r\n\t\t\t\t\t\t\t\t\t\t\t\t\t\t\t\t\t\t\t\t\t\t\t\t\t\t\t\t<div class=\"description-slider\">\r\n\t\t\t\t\t\t\t\t\t\t\t<strong>Banes\u00eb ideale p\u00ebr nj\u00eb nj\u00eb familje deri n\u00eb 7 an\u00ebtar\u00eb.\n\n<\/strong>\n\n<p>Hap\u00ebsir\u00eb e disejnuar q\u00eb t'ju p\u00ebrgjigjet nevojave tuaja dhe t\u00eb f\u00ebmij\u00ebve me nj\u00eb hap\u00ebsir\u00eb t\u00eb dedikuar p\u00ebr secilin. Q\u00ebndrimin ditor dhe kuzhin\u00ebn bashk\u00eb, nj\u00eb depo, tre dhoma t\u00eb fjetjes, nj\u00eb banjo, nj\u00eb wc, dy depo dhe nj\u00eb ballkon.\n\n<\/p>\n\n<ul>\n<li>Sallon\n\n\n<\/li>\n<li>Kuzhin\u00eb<\/li>\n<li>\n3 Dhoma t\u00eb fjetj\u00ebs\n<\/li>\n<li>2 Depo<\/li>\n<li>Banjo <\/li>\n<li>WC<\/li>\n<li>Ballkon <\/li>\n<\/ul>\t\t\t\t\t\t\t\t\t\t<\/div>\r\n\t\t\t\t\t\t\t\t\t\t\t\t\t\t\t\t\t<\/div>\r\n\t\t\t\t\t\t\t<\/div>\r\n\t\t\t\t\t\t<\/div>\t\t\t\t\r\n\t\t\t\t\t<\/div>\t\t\t\t\r\n\t\t\t\t\t\t\t\t\t\r\n\t\t\t\t\t<\/div>\r\n\t<\/div>\r\n\t\t<\/div>\n\t\t\t\t<\/div>\n\t\t\t\t\t<\/div>\n\t\t<\/div>\n\t\t\t\t\t\t\t<\/div>\n\t\t<\/section>\n\t\t\t\t\t\t\t<\/div>\n\t\t","protected":false},"excerpt":{"rendered":"<p>Zgjedh tipin e banes\u00ebs q\u00eb p\u00ebrmbush nevojat tuaja! 54.70 &#13217; Banes\u00eb ideale p\u00ebr nj\u00eb nj\u00eb qift t\u00eb ri. Hap\u00ebsir\u00eb e disejnuar q\u00eb t&#8217;ju p\u00ebrgjigjet nevojave tuaja t\u00eb p\u00ebrditshme, me q\u00ebndrimin ditor dhe kuzhin\u00ebn bashk\u00eb, nj\u00eb dhom\u00eb t\u00eb fjetjes dhe nj\u00eb banjo bashk\u00eb me wc. Sallon Kuzhin\u00eb 1 Dhom\u00eb e fjetj\u00ebs Banjo \/ Wc 56.91 &#13217; [&hellip;]<\/p>\n","protected":false},"author":1,"featured_media":0,"parent":0,"menu_order":0,"comment_status":"closed","ping_status":"closed","template":"","meta":[],"_links":{"self":[{"href":"http:\/\/prishtina-green.com\/residence\/wp-json\/wp\/v2\/pages\/9606"}],"collection":[{"href":"http:\/\/prishtina-green.com\/residence\/wp-json\/wp\/v2\/pages"}],"about":[{"href":"http:\/\/prishtina-green.com\/residence\/wp-json\/wp\/v2\/types\/page"}],"author":[{"embeddable":true,"href":"http:\/\/prishtina-green.com\/residence\/wp-json\/wp\/v2\/users\/1"}],"replies":[{"embeddable":true,"href":"http:\/\/prishtina-green.com\/residence\/wp-json\/wp\/v2\/comments?post=9606"}],"version-history":[{"count":16,"href":"http:\/\/prishtina-green.com\/residence\/wp-json\/wp\/v2\/pages\/9606\/revisions"}],"predecessor-version":[{"id":9659,"href":"http:\/\/prishtina-green.com\/residence\/wp-json\/wp\/v2\/pages\/9606\/revisions\/9659"}],"wp:attachment":[{"href":"http:\/\/prishtina-green.com\/residence\/wp-json\/wp\/v2\/media?parent=9606"}],"curies":[{"name":"wp","href":"https:\/\/api.w.org\/{rel}","templated":true}]}}